{"id":78,"date":"2014-09-29T15:20:20","date_gmt":"2014-09-29T15:20:20","guid":{"rendered":"https:\/\/mischke0248.live-website.com\/?page_id=78"},"modified":"2024-04-15T13:42:45","modified_gmt":"2024-04-15T13:42:45","slug":"jobs-2","status":"publish","type":"page","link":"https:\/\/mischke-kg.de\/?page_id=78","title":{"rendered":"Jobs"},"content":{"rendered":"<p><a href=\"https:\/\/mischke-kg.de\/wp-content\/uploads\/2014\/09\/site-jobs2.jpg\"><img fetchpriority=\"high\" decoding=\"async\" class=\"alignnone size-full wp-image-80\" src=\"https:\/\/mischke-kg.de\/wp-content\/uploads\/2014\/09\/site-jobs2.jpg\" alt=\"site-jobs\" width=\"600\" height=\"300\" srcset=\"https:\/\/mischke-kg.de\/wp-content\/uploads\/2014\/09\/site-jobs2.jpg 600w, https:\/\/mischke-kg.de\/wp-content\/uploads\/2014\/09\/site-jobs2-300x150.jpg 300w\" sizes=\"(max-width: 600px) 100vw, 600px\" \/><\/a><\/p>\n<p>Die Mischke KG ist als inhabergef\u00fchrtes Unternehmen Dienstleister in den<br \/>\nBereichen Heizkostenabrechnung, Hausnebenkostenabrechnung und<br \/>\nBrandschutz. Seit 1972 betreut die Mischke KG ihre Kunden im Rhein-Erft-Kreis und den angrenzenden St\u00e4dten und Kreisen erfolgreich als Abrechnungsdienstleister mit der Lieferung, Montage und dem Service von Heizkostenverteilern, Wasser- und W\u00e4rmez\u00e4hlern, sowie als Brandschutz- Kundendienst mit der Lieferung und Wartung von Feuerl\u00f6schern, Rauchmeldern und anderen Brandschutzeinrichtungen.<\/p>\n<p>Zur Verst\u00e4rkung unseres Teams suchen wir qualifiziertes und engagiertes Personal!<\/p>\n<p>Wenn wir Ihr Interesse geweckt haben, und Sie Teil des Mischke-Teams werden m\u00f6chten, bitten wir um eine aussagekr\u00e4ftige Bewerbung. Weitere Einzelheiten finden sie in den jeweiligen Stellenangeboten.<\/p>\n","protected":false},"excerpt":{"rendered":"<p>Die Mischke KG ist als inhabergef\u00fchrtes Unternehmen Dienstleister in den Bereichen Heizkostenabrechnung, Hausnebenkostenabrechnung und Brandschutz. Seit 1972 betreut die Mischke KG ihre Kunden im Rhein-Erft-Kreis und den angrenzenden St\u00e4dten und Kreisen erfolgreich als Abrechnungsdienstleister mit der Lieferung, Montage und dem Service von Heizkostenverteilern, Wasser- und W\u00e4rmez\u00e4hlern, sowie als Brandschutz- Kundendienst mit der Lieferung und Wartung [&hellip;]<\/p>\n","protected":false},"author":1,"featured_media":0,"parent":0,"menu_order":0,"comment_status":"closed","ping_status":"closed","template":"","meta":{"ocean_post_layout":"","ocean_both_sidebars_style":"","ocean_both_sidebars_content_width":0,"ocean_both_sidebars_sidebars_width":0,"ocean_sidebar":"","ocean_second_sidebar":"","ocean_disable_margins":"enable","ocean_add_body_class":"","ocean_shortcode_before_top_bar":"","ocean_shortcode_after_top_bar":"","ocean_shortcode_before_header":"","ocean_shortcode_after_header":"","ocean_has_shortcode":"","ocean_shortcode_after_title":"","ocean_shortcode_before_footer_widgets":"","ocean_shortcode_after_footer_widgets":"","ocean_shortcode_before_footer_bottom":"","ocean_shortcode_after_footer_bottom":"","ocean_display_top_bar":"default","ocean_display_header":"default","ocean_header_style":"","ocean_center_header_left_menu":"","ocean_custom_header_template":"","ocean_custom_logo":0,"ocean_custom_retina_logo":0,"ocean_custom_logo_max_width":0,"ocean_custom_logo_tablet_max_width":0,"ocean_custom_logo_mobile_max_width":0,"ocean_custom_logo_max_height":0,"ocean_custom_logo_tablet_max_height":0,"ocean_custom_logo_mobile_max_height":0,"ocean_header_custom_menu":"","ocean_menu_typo_font_family":"","ocean_menu_typo_font_subset":"","ocean_menu_typo_font_size":0,"ocean_menu_typo_font_size_tablet":0,"ocean_menu_typo_font_size_mobile":0,"ocean_menu_typo_font_size_unit":"px","ocean_menu_typo_font_weight":"","ocean_menu_typo_font_weight_tablet":"","ocean_menu_typo_font_weight_mobile":"","ocean_menu_typo_transform":"","ocean_menu_typo_transform_tablet":"","ocean_menu_typo_transform_mobile":"","ocean_menu_typo_line_height":0,"ocean_menu_typo_line_height_tablet":0,"ocean_menu_typo_line_height_mobile":0,"ocean_menu_typo_line_height_unit":"","ocean_menu_typo_spacing":0,"ocean_menu_typo_spacing_tablet":0,"ocean_menu_typo_spacing_mobile":0,"ocean_menu_typo_spacing_unit":"","ocean_menu_link_color":"","ocean_menu_link_color_hover":"","ocean_menu_link_color_active":"","ocean_menu_link_background":"","ocean_menu_link_hover_background":"","ocean_menu_link_active_background":"","ocean_menu_social_links_bg":"","ocean_menu_social_hover_links_bg":"","ocean_menu_social_links_color":"","ocean_menu_social_hover_links_color":"","ocean_disable_title":"default","ocean_disable_heading":"default","ocean_post_title":"","ocean_post_subheading":"","ocean_post_title_style":"","ocean_post_title_background_color":"","ocean_post_title_background":0,"ocean_post_title_bg_image_position":"","ocean_post_title_bg_image_attachment":"","ocean_post_title_bg_image_repeat":"","ocean_post_title_bg_image_size":"","ocean_post_title_height":0,"ocean_post_title_bg_overlay":0.5,"ocean_post_title_bg_overlay_color":"","ocean_disable_breadcrumbs":"default","ocean_breadcrumbs_color":"","ocean_breadcrumbs_separator_color":"","ocean_breadcrumbs_links_color":"","ocean_breadcrumbs_links_hover_color":"","ocean_display_footer_widgets":"default","ocean_display_footer_bottom":"default","ocean_custom_footer_template":"","footnotes":""},"class_list":["post-78","page","type-page","status-publish","hentry","entry"],"_links":{"self":[{"href":"https:\/\/mischke-kg.de\/index.php?rest_route=\/wp\/v2\/pages\/78","targetHints":{"allow":["GET"]}}],"collection":[{"href":"https:\/\/mischke-kg.de\/index.php?rest_route=\/wp\/v2\/pages"}],"about":[{"href":"https:\/\/mischke-kg.de\/index.php?rest_route=\/wp\/v2\/types\/page"}],"author":[{"embeddable":true,"href":"https:\/\/mischke-kg.de\/index.php?rest_route=\/wp\/v2\/users\/1"}],"replies":[{"embeddable":true,"href":"https:\/\/mischke-kg.de\/index.php?rest_route=%2Fwp%2Fv2%2Fcomments&post=78"}],"version-history":[{"count":2,"href":"https:\/\/mischke-kg.de\/index.php?rest_route=\/wp\/v2\/pages\/78\/revisions"}],"predecessor-version":[{"id":539,"href":"https:\/\/mischke-kg.de\/index.php?rest_route=\/wp\/v2\/pages\/78\/revisions\/539"}],"wp:attachment":[{"href":"https:\/\/mischke-kg.de\/index.php?rest_route=%2Fwp%2Fv2%2Fmedia&parent=78"}],"curies":[{"name":"wp","href":"https:\/\/api.w.org\/{rel}","templated":true}]}}