{"id":522,"date":"2024-04-15T12:37:21","date_gmt":"2024-04-15T12:37:21","guid":{"rendered":"https:\/\/mischke-kg.de\/?page_id=522"},"modified":"2024-08-06T11:21:08","modified_gmt":"2024-08-06T09:21:08","slug":"mitarbeiter-kaufmaenischer-innendienst","status":"publish","type":"page","link":"https:\/\/mischke-kg.de\/?page_id=522","title":{"rendered":"Kaufm\u00e4nnischer Innendienst"},"content":{"rendered":"<div class=\"wp-block-image\">\n<figure class=\"aligncenter\"><a href=\"https:\/\/mischke-kg.de\/wp-content\/uploads\/2014\/09\/site-jobs1.jpg\"><img fetchpriority=\"high\" decoding=\"async\" width=\"600\" height=\"300\" src=\"https:\/\/mischke-kg.de\/wp-content\/uploads\/2014\/09\/site-jobs1.jpg\" alt=\"site-jobs\" class=\"wp-image-79\" srcset=\"https:\/\/mischke-kg.de\/wp-content\/uploads\/2014\/09\/site-jobs1.jpg 600w, https:\/\/mischke-kg.de\/wp-content\/uploads\/2014\/09\/site-jobs1-300x150.jpg 300w\" sizes=\"(max-width: 600px) 100vw, 600px\" \/><\/a><\/figure>\n<\/div>\n\n\n<h1 class=\"wp-block-heading has-text-align-center\">Wir suchen Verst\u00e4rkung!<\/h1>\n\n\n\n<h3 class=\"wp-block-heading has-text-align-center\">kaufm\u00e4nnischen Mitarbeiter (m\/w\/d) f\u00fcr den Innendienst<strong> (40 Stunden-Woche)<\/strong><\/h3>\n\n\n\n<p class=\"has-text-align-center\">Wenn Sie als kaufm\u00e4nnischer Mitarbeiter z.B. bei einem Heizungsbauer arbeiten und Lust auf eine pers\u00f6nliche Ver\u00e4nderung mit geregelten Arbeitszeiten haben, sind Sie bei uns genau richtig!<\/p>\n\n\n\n<h3 class=\"wp-block-heading has-text-align-center\">Wer wir sind:<\/h3>\n\n\n\n<p class=\"has-text-align-center\">Die MISCHKE KG ist als inhabergef\u00fchrtes Unternehmen Dienstleister in den Bereichen Heizkostenabrechnung, Hausnebenkostenabrechnung und Brandschutz. Seit 1972 betreut die MISCHKE KG ihre Kunden im Rhein-Erft-Kreis und den angrenzenden St\u00e4dten und Kreisen erfolgreich als Abrechnungsdienstleister mit der Lieferung, Montage und dem Service von Heizkostenverteilern, Wasser- und W\u00e4rmez\u00e4hlern, sowie als Brandschutz-Kundendienst mit der Lieferung und Wartung von Feuerl\u00f6schern, Rauchmeldern und anderen Brandschutzeinrichtungen.<\/p>\n\n\n\n<h3 class=\"wp-block-heading has-text-align-center\">Was wir von Ihnen erwarten:<\/h3>\n\n\n\n<ul class=\"wp-block-list\">\n<li>kaufm\u00e4nnische Ausbildung oder gleichwertige einschl\u00e4gige Berufserfahrung<\/li>\n\n\n\n<li>evtl . Erfahrungen aus dem Bereich Sanit\u00e4r &amp; Heizungsbau sind von Vorteil.<\/li>\n\n\n\n<li>Schnelle Auffassungsgabe, analytisches Denkverm\u00f6gen sowie kommunikative St\u00e4rke<\/li>\n\n\n\n<li>selbst\u00e4ndiges und verantwortungsvolles Arbeiten<\/li>\n\n\n\n<li>technisches Verst\u00e4ndnis und kaufm\u00e4nnisches Denken<\/li>\n\n\n\n<li>EDV-Kenntnisse von MS-Office-Anwendungen<\/li>\n\n\n\n<li>kundenfreundliche Erscheinung<\/li>\n\n\n\n<li>Dar\u00fcber hinaus legen wir viel Wert auf eine offene Kommunikation, Teamarbeit, Verl\u00e4sslichkeit und eine pflichtbewusste Erledigung der \u00fcbertragenen Aufgaben<\/li>\n<\/ul>\n\n\n\n<h3 class=\"wp-block-heading has-text-align-center\">Ihre Aufgaben:<\/h3>\n\n\n\n<p class=\"has-text-align-center\">Sie sind Ansprechpartner f\u00fcr unsere Kunden und unsere Au\u00dfendienst-Mitarbeiter f\u00fcr die Erstellung von kundenspezifischen Angeboten, Auftragsbest\u00e4tigungen und Vertragsangeboten rund um unsere Dienstleistungen. Im Nachgang an die erledigten Montagen kontrollieren Sie die Protokolle und Kundendienst-Formulare zur weiteren Verwendung. Materialbestellungen und Kommissionierung sowie Terminabstimmungen mit der Disposition runden Ihr Arbeitsfeld ab.<\/p>\n\n\n\n<h3 class=\"wp-block-heading has-text-align-center\">Wir k\u00f6nnen Ihnen das bieten:<\/h3>\n\n\n\n<ul class=\"wp-block-list\">\n<li>Gr\u00fcndlichen Einarbeitung und in offenes und immer hilfsbereites Team<\/li>\n\n\n\n<li>Ein anspruchsvolles Arbeitsgebiet<\/li>\n\n\n\n<li>Verm\u00f6genswirksame Leistungen<\/li>\n\n\n\n<li>Festanstellung und ein unbefristetes Arbeitsverh\u00e4ltnis mit j\u00e4hrlichem Weihnachts- und<\/li>\n\n\n\n<li>Urlaubsgeld<\/li>\n\n\n\n<li>Geregelte Arbeitszeiten<\/li>\n\n\n\n<li>Firmenevents<\/li>\n\n\n\n<li>Teilnahme an Weiterbildungsma\u00dfnahmen<\/li>\n\n\n\n<li>p\u00fcnktlichste Lohnzahlung<\/li>\n\n\n\n<li>Urlaubsanspruch 27 Tagen\/ Jahr, Rosenmontag hast du frei, zwischen Weihnachten und dem Jahreswechsel machen wir Betriebsferien, Sonderurlaub f\u00fcr die besonderen Ereignisse im Leben<\/li>\n\n\n\n<li>gute Erreichbarkeit durch den \u00d6PNV direkt am S-Bahnhof Kerpen Buir<\/li>\n<\/ul>\n\n\n\n<p class=\"has-text-align-center\">Sie wollen ins MISCHKE-Team? Dann reicht uns f\u00fcr den Anfang auch ein Lebenslauf mit Kontaktdaten. <br>Diesen senden Sie bitte ausschlie\u00dflich an unsere untenstehende Mailadresse.<\/p>\n\n\n\n<p class=\"has-text-align-center\"><a href=\"mailto:Info@mischke-kg.de\">Info@mischke-kg.de<\/a><\/p>\n\n\n\n<p class=\"has-text-align-center\"><a href=\"https:\/\/mischke-kg.de\/wp-content\/uploads\/2024\/08\/KaufmInnendienst08-24.pdf\"><span style=\"color: #ff0000;\">&#8222;Stellenausschreibung als PDF&#8220;<\/span><\/a><\/p>\n","protected":false},"excerpt":{"rendered":"<p>Wir suchen Verst\u00e4rkung! kaufm\u00e4nnischen Mitarbeiter (m\/w\/d) f\u00fcr den Innendienst (40 Stunden-Woche) Wenn Sie als kaufm\u00e4nnischer Mitarbeiter z.B. bei einem Heizungsbauer arbeiten und Lust auf eine pers\u00f6nliche Ver\u00e4nderung mit geregelten Arbeitszeiten haben, sind Sie bei uns genau richtig! Wer wir sind: Die MISCHKE KG ist als inhabergef\u00fchrtes Unternehmen Dienstleister in den Bereichen Heizkostenabrechnung, Hausnebenkostenabrechnung und Brandschutz. [&hellip;]<\/p>\n","protected":false},"author":1,"featured_media":0,"parent":0,"menu_order":0,"comment_status":"closed","ping_status":"closed","template":"","meta":{"ocean_post_layout":"","ocean_both_sidebars_style":"","ocean_both_sidebars_content_width":0,"ocean_both_sidebars_sidebars_width":0,"ocean_sidebar":"","ocean_second_sidebar":"","ocean_disable_margins":"enable","ocean_add_body_class":"","ocean_shortcode_before_top_bar":"","ocean_shortcode_after_top_bar":"","ocean_shortcode_before_header":"","ocean_shortcode_after_header":"","ocean_has_shortcode":"","ocean_shortcode_after_title":"","ocean_shortcode_before_footer_widgets":"","ocean_shortcode_after_footer_widgets":"","ocean_shortcode_before_footer_bottom":"","ocean_shortcode_after_footer_bottom":"","ocean_display_top_bar":"default","ocean_display_header":"default","ocean_header_style":"","ocean_center_header_left_menu":"","ocean_custom_header_template":"","ocean_custom_logo":0,"ocean_custom_retina_logo":0,"ocean_custom_logo_max_width":0,"ocean_custom_logo_tablet_max_width":0,"ocean_custom_logo_mobile_max_width":0,"ocean_custom_logo_max_height":0,"ocean_custom_logo_tablet_max_height":0,"ocean_custom_logo_mobile_max_height":0,"ocean_header_custom_menu":"","ocean_menu_typo_font_family":"","ocean_menu_typo_font_subset":"","ocean_menu_typo_font_size":0,"ocean_menu_typo_font_size_tablet":0,"ocean_menu_typo_font_size_mobile":0,"ocean_menu_typo_font_size_unit":"px","ocean_menu_typo_font_weight":"","ocean_menu_typo_font_weight_tablet":"","ocean_menu_typo_font_weight_mobile":"","ocean_menu_typo_transform":"","ocean_menu_typo_transform_tablet":"","ocean_menu_typo_transform_mobile":"","ocean_menu_typo_line_height":0,"ocean_menu_typo_line_height_tablet":0,"ocean_menu_typo_line_height_mobile":0,"ocean_menu_typo_line_height_unit":"","ocean_menu_typo_spacing":0,"ocean_menu_typo_spacing_tablet":0,"ocean_menu_typo_spacing_mobile":0,"ocean_menu_typo_spacing_unit":"","ocean_menu_link_color":"","ocean_menu_link_color_hover":"","ocean_menu_link_color_active":"","ocean_menu_link_background":"","ocean_menu_link_hover_background":"","ocean_menu_link_active_background":"","ocean_menu_social_links_bg":"","ocean_menu_social_hover_links_bg":"","ocean_menu_social_links_color":"","ocean_menu_social_hover_links_color":"","ocean_disable_title":"default","ocean_disable_heading":"default","ocean_post_title":"","ocean_post_subheading":"","ocean_post_title_style":"","ocean_post_title_background_color":"","ocean_post_title_background":0,"ocean_post_title_bg_image_position":"","ocean_post_title_bg_image_attachment":"","ocean_post_title_bg_image_repeat":"","ocean_post_title_bg_image_size":"","ocean_post_title_height":0,"ocean_post_title_bg_overlay":0.5,"ocean_post_title_bg_overlay_color":"","ocean_disable_breadcrumbs":"default","ocean_breadcrumbs_color":"","ocean_breadcrumbs_separator_color":"","ocean_breadcrumbs_links_color":"","ocean_breadcrumbs_links_hover_color":"","ocean_display_footer_widgets":"default","ocean_display_footer_bottom":"default","ocean_custom_footer_template":"","footnotes":""},"class_list":["post-522","page","type-page","status-publish","hentry","entry"],"_links":{"self":[{"href":"https:\/\/mischke-kg.de\/index.php?rest_route=\/wp\/v2\/pages\/522","targetHints":{"allow":["GET"]}}],"collection":[{"href":"https:\/\/mischke-kg.de\/index.php?rest_route=\/wp\/v2\/pages"}],"about":[{"href":"https:\/\/mischke-kg.de\/index.php?rest_route=\/wp\/v2\/types\/page"}],"author":[{"embeddable":true,"href":"https:\/\/mischke-kg.de\/index.php?rest_route=\/wp\/v2\/users\/1"}],"replies":[{"embeddable":true,"href":"https:\/\/mischke-kg.de\/index.php?rest_route=%2Fwp%2Fv2%2Fcomments&post=522"}],"version-history":[{"count":17,"href":"https:\/\/mischke-kg.de\/index.php?rest_route=\/wp\/v2\/pages\/522\/revisions"}],"predecessor-version":[{"id":635,"href":"https:\/\/mischke-kg.de\/index.php?rest_route=\/wp\/v2\/pages\/522\/revisions\/635"}],"wp:attachment":[{"href":"https:\/\/mischke-kg.de\/index.php?rest_route=%2Fwp%2Fv2%2Fmedia&parent=522"}],"curies":[{"name":"wp","href":"https:\/\/api.w.org\/{rel}","templated":true}]}}