{"id":50,"date":"2014-09-29T09:10:47","date_gmt":"2014-09-29T09:10:47","guid":{"rendered":"https:\/\/mischke0248.live-website.com\/?page_id=50"},"modified":"2025-04-23T11:14:36","modified_gmt":"2025-04-23T09:14:36","slug":"online-portal","status":"publish","type":"page","link":"https:\/\/mischke-kg.de\/?page_id=50","title":{"rendered":"Online Portal"},"content":{"rendered":"\n<figure class=\"wp-block-image size-large is-resized\"><a href=\"https:\/\/mischke-kg.de\/wp-content\/uploads\/2025\/04\/Onlineportal.jpg\"><img fetchpriority=\"high\" decoding=\"async\" width=\"1024\" height=\"1024\" src=\"https:\/\/mischke-kg.de\/wp-content\/uploads\/2025\/04\/Onlineportal-1024x1024.jpg\" alt=\"\" class=\"wp-image-649\" style=\"width:648px;height:auto\" srcset=\"https:\/\/mischke-kg.de\/wp-content\/uploads\/2025\/04\/Onlineportal-1024x1024.jpg 1024w, https:\/\/mischke-kg.de\/wp-content\/uploads\/2025\/04\/Onlineportal-300x300.jpg 300w, https:\/\/mischke-kg.de\/wp-content\/uploads\/2025\/04\/Onlineportal-150x150.jpg 150w, https:\/\/mischke-kg.de\/wp-content\/uploads\/2025\/04\/Onlineportal-768x768.jpg 768w, https:\/\/mischke-kg.de\/wp-content\/uploads\/2025\/04\/Onlineportal-1536x1536.jpg 1536w, https:\/\/mischke-kg.de\/wp-content\/uploads\/2025\/04\/Onlineportal-600x600.jpg 600w, https:\/\/mischke-kg.de\/wp-content\/uploads\/2025\/04\/Onlineportal.jpg 2048w\" sizes=\"(max-width: 1024px) 100vw, 1024px\" \/><\/a><\/figure>\n\n\n\n<h3 class=\"wp-block-heading\"><span style=\"color: #ff0000; font-family: Arial, Helvetica, sans-serif; font-size: medium;\">Mit dem Onlineportal k\u00f6nnen Sie als Kunde, <\/span><\/h3>\n\n\n\n<ul class=\"wp-block-list\">\n<li><span style=\"font-family: Arial, Helvetica, sans-serif; font-size: small;\">Heizkostenermittlung und Nutzerlisten ausf\u00fcllen und ausdrucken, diese zur Abrechnung freigeben<br>und elektronisch an uns \u00fcbermitteln.<\/span><\/li>\n\n\n\n<li><span style=\"font-family: Arial, Helvetica, sans-serif; font-size: small;\">Ableseprotokolle f\u00fcr Zwischenablesungen abrufen und ausdrucken<\/span><\/li>\n\n\n\n<li><span style=\"font-family: Arial, Helvetica, sans-serif; font-size: small;\">Archivdokumente ( Abrechnungen ) anschauen und ausdrucken<\/span><\/li>\n\n\n\n<li><span style=\"font-family: Arial, Helvetica, sans-serif; font-size: small;\">bei \u00f6lbefeuerten Anlagen, den Wert der Restmenge automatisch berechnen.<\/span><\/li>\n<\/ul>\n\n\n\n<h3 class=\"wp-block-heading\"><span style=\"color: #ff0000; font-family: Arial, Helvetica, sans-serif; font-size: small;\">So bekommen Sie Ihre Zugangsdaten:<\/span><\/h3>\n\n\n\n<p><span style=\"font-family: Arial, Helvetica, sans-serif; font-size: small;\">Senden Sie uns eine eMail an <a href=\"mailto:info@mischke-kg.de\"><span style=\"text-decoration: underline;\"><span style=\"color: #0066cc;\">info@mischke-kg.de<\/span><\/span><\/a> und nennen Sie Ihre Liegenschaftsnummern, f\u00fcr die Sie gerne den Zugang \u00fcber zum Onlineportal m\u00f6chten.<\/span><\/p>\n\n\n\n<p><span style=\"font-family: Arial, Helvetica, sans-serif; font-size: small;\"><span style=\"font-family: Arial, Helvetica, sans-serif; font-size: small;\"><\/span><\/span><\/p>\n\n\n\n<p><span style=\"font-family: Arial, Helvetica, sans-serif; font-size: small;\">Wir legen Sie als Benutzer auf unserem Server an, schalten Ihre Liegenschaft(en) f\u00fcr Sie frei und senden Ihnen Ihre Benutzerdaten, Ihr Passwort und eine detaillierte Programmbeschreibung zu.<\/span><\/p>\n\n\n\n<h3 class=\"wp-block-heading\"><span style=\"color: #ff0000; font-family: Arial, Helvetica, sans-serif; font-size: small;\">Systemvoraussetzungen :<\/span><\/h3>\n\n\n\n<p><span style=\"font-family: Arial, Helvetica, sans-serif; font-size: small;\">Prinzipiell kann jeder das Onlineportal nutzen, der mit seinem Computer Zugang ins Internet hat.<br>Folgende Voraussetzungen sollten jedoch gegeben sein:<\/span><\/p>\n\n\n\n<ul class=\"wp-block-list\">\n<li><span style=\"font-family: Arial, Helvetica, sans-serif; font-size: small;\">Ein DSL Anschluss sollte vorhanden sein, da die Dokumente mehrere 100 KB gro\u00df sein k\u00f6nnen.<\/span><\/li>\n\n\n\n<li><span style=\"font-family: Arial, Helvetica, sans-serif; font-size: small;\">Ihr Browser muss die Ausf\u00fchrung von Java-Scripts f\u00fcr unsere Webseite erlauben.<\/span><\/li>\n\n\n\n<li><span style=\"font-family: Arial, Helvetica, sans-serif; font-size: small;\">Ihr Browser muss Pop-Up Fenster f\u00fcr unsere Webseite zugelassen.<\/span><\/li>\n\n\n\n<li><span style=\"font-family: Arial, Helvetica, sans-serif; font-size: small;\">Ihr Browser muss Cookies von unserer Webseite akzeptieren k\u00f6nnen.<\/span><\/li>\n\n\n\n<li><span style=\"font-family: Arial, Helvetica, sans-serif; font-size: small;\">Zum Anzeigen der Dokumente ben\u00f6tigen Sie ein Programm, das PDF Dokumente anzeigen kann<\/span><\/li>\n<\/ul>\n\n\n\n<p><span style=\"font-family: Arial, Helvetica, sans-serif; font-size: small;\">Hier gelangen Sie direkt zum \u201eOnlineportal\u201c<\/span><\/p>\n\n\n\n<p><a title=\"Kunden Login\" href=\"http:\/\/www.bfwka.de\/Anmeldung.htm\" target=\"_blank\" rel=\"noopener noreferrer\"><strong><span style=\"text-decoration: underline;\"><span style=\"color: #ff0000; text-decoration: underline;\">Kunden Login&#8220;<\/span><\/span><\/strong><\/a><\/p>\n\n\n\n<p><\/p>\n\n\n\n<p><\/p>\n","protected":false},"excerpt":{"rendered":"<p>Mit dem Onlineportal k\u00f6nnen Sie als Kunde, So bekommen Sie Ihre Zugangsdaten: Senden Sie uns eine eMail an info@mischke-kg.de und nennen Sie Ihre Liegenschaftsnummern, f\u00fcr die Sie gerne den Zugang \u00fcber zum Onlineportal m\u00f6chten. Wir legen Sie als Benutzer auf unserem Server an, schalten Ihre Liegenschaft(en) f\u00fcr Sie frei und senden Ihnen Ihre Benutzerdaten, Ihr [&hellip;]<\/p>\n","protected":false},"author":1,"featured_media":0,"parent":0,"menu_order":0,"comment_status":"closed","ping_status":"closed","template":"","meta":{"ocean_post_layout":"","ocean_both_sidebars_style":"","ocean_both_sidebars_content_width":0,"ocean_both_sidebars_sidebars_width":0,"ocean_sidebar":"","ocean_second_sidebar":"","ocean_disable_margins":"enable","ocean_add_body_class":"","ocean_shortcode_before_top_bar":"","ocean_shortcode_after_top_bar":"","ocean_shortcode_before_header":"","ocean_shortcode_after_header":"","ocean_has_shortcode":"","ocean_shortcode_after_title":"","ocean_shortcode_before_footer_widgets":"","ocean_shortcode_after_footer_widgets":"","ocean_shortcode_before_footer_bottom":"","ocean_shortcode_after_footer_bottom":"","ocean_display_top_bar":"default","ocean_display_header":"default","ocean_header_style":"","ocean_center_header_left_menu":"","ocean_custom_header_template":"","ocean_custom_logo":0,"ocean_custom_retina_logo":0,"ocean_custom_logo_max_width":0,"ocean_custom_logo_tablet_max_width":0,"ocean_custom_logo_mobile_max_width":0,"ocean_custom_logo_max_height":0,"ocean_custom_logo_tablet_max_height":0,"ocean_custom_logo_mobile_max_height":0,"ocean_header_custom_menu":"","ocean_menu_typo_font_family":"","ocean_menu_typo_font_subset":"","ocean_menu_typo_font_size":0,"ocean_menu_typo_font_size_tablet":0,"ocean_menu_typo_font_size_mobile":0,"ocean_menu_typo_font_size_unit":"px","ocean_menu_typo_font_weight":"","ocean_menu_typo_font_weight_tablet":"","ocean_menu_typo_font_weight_mobile":"","ocean_menu_typo_transform":"","ocean_menu_typo_transform_tablet":"","ocean_menu_typo_transform_mobile":"","ocean_menu_typo_line_height":0,"ocean_menu_typo_line_height_tablet":0,"ocean_menu_typo_line_height_mobile":0,"ocean_menu_typo_line_height_unit":"","ocean_menu_typo_spacing":0,"ocean_menu_typo_spacing_tablet":0,"ocean_menu_typo_spacing_mobile":0,"ocean_menu_typo_spacing_unit":"","ocean_menu_link_color":"","ocean_menu_link_color_hover":"","ocean_menu_link_color_active":"","ocean_menu_link_background":"","ocean_menu_link_hover_background":"","ocean_menu_link_active_background":"","ocean_menu_social_links_bg":"","ocean_menu_social_hover_links_bg":"","ocean_menu_social_links_color":"","ocean_menu_social_hover_links_color":"","ocean_disable_title":"default","ocean_disable_heading":"default","ocean_post_title":"","ocean_post_subheading":"","ocean_post_title_style":"","ocean_post_title_background_color":"","ocean_post_title_background":0,"ocean_post_title_bg_image_position":"","ocean_post_title_bg_image_attachment":"","ocean_post_title_bg_image_repeat":"","ocean_post_title_bg_image_size":"","ocean_post_title_height":0,"ocean_post_title_bg_overlay":0.5,"ocean_post_title_bg_overlay_color":"","ocean_disable_breadcrumbs":"default","ocean_breadcrumbs_color":"","ocean_breadcrumbs_separator_color":"","ocean_breadcrumbs_links_color":"","ocean_breadcrumbs_links_hover_color":"","ocean_display_footer_widgets":"default","ocean_display_footer_bottom":"default","ocean_custom_footer_template":"","footnotes":""},"class_list":["post-50","page","type-page","status-publish","hentry","entry"],"_links":{"self":[{"href":"https:\/\/mischke-kg.de\/index.php?rest_route=\/wp\/v2\/pages\/50","targetHints":{"allow":["GET"]}}],"collection":[{"href":"https:\/\/mischke-kg.de\/index.php?rest_route=\/wp\/v2\/pages"}],"about":[{"href":"https:\/\/mischke-kg.de\/index.php?rest_route=\/wp\/v2\/types\/page"}],"author":[{"embeddable":true,"href":"https:\/\/mischke-kg.de\/index.php?rest_route=\/wp\/v2\/users\/1"}],"replies":[{"embeddable":true,"href":"https:\/\/mischke-kg.de\/index.php?rest_route=%2Fwp%2Fv2%2Fcomments&post=50"}],"version-history":[{"count":7,"href":"https:\/\/mischke-kg.de\/index.php?rest_route=\/wp\/v2\/pages\/50\/revisions"}],"predecessor-version":[{"id":650,"href":"https:\/\/mischke-kg.de\/index.php?rest_route=\/wp\/v2\/pages\/50\/revisions\/650"}],"wp:attachment":[{"href":"https:\/\/mischke-kg.de\/index.php?rest_route=%2Fwp%2Fv2%2Fmedia&parent=50"}],"curies":[{"name":"wp","href":"https:\/\/api.w.org\/{rel}","templated":true}]}}