{"id":221,"date":"2019-02-22T06:36:34","date_gmt":"2019-02-22T06:36:34","guid":{"rendered":"https:\/\/mischke0248.live-website.com\/?page_id=221"},"modified":"2025-07-15T10:15:05","modified_gmt":"2025-07-15T08:15:05","slug":"sachbearbeiter-disponent","status":"publish","type":"page","link":"https:\/\/mischke-kg.de\/?page_id=221","title":{"rendered":"Sachbearbeiter Disponent"},"content":{"rendered":"<div class=\"wp-block-image\">\n<figure class=\"aligncenter\"><a href=\"https:\/\/mischke-kg.de\/wp-content\/uploads\/2014\/09\/site-jobs1.jpg\"><img fetchpriority=\"high\" decoding=\"async\" width=\"600\" height=\"300\" src=\"https:\/\/mischke-kg.de\/wp-content\/uploads\/2014\/09\/site-jobs1.jpg\" alt=\"site-jobs\" class=\"wp-image-79\" srcset=\"https:\/\/mischke-kg.de\/wp-content\/uploads\/2014\/09\/site-jobs1.jpg 600w, https:\/\/mischke-kg.de\/wp-content\/uploads\/2014\/09\/site-jobs1-300x150.jpg 300w\" sizes=\"(max-width: 600px) 100vw, 600px\" \/><\/a><\/figure>\n<\/div>\n\n\n<h1 class=\"wp-block-heading has-text-align-center\">Wir suchen Verst\u00e4rkung!<\/h1>\n\n\n\n<h3 class=\"wp-block-heading has-text-align-center\">Sachbearbeiter f\u00fcr den Innendienst (m\/w\/d) <strong>(40 Stunden-Woche)<\/strong><\/h3>\n\n\n\n<p class=\"has-text-align-center\">Sie k\u00f6nnen nicht nur mit Zahlen umgehen, sondern auch mit Menschen? Sie planen zuverl\u00e4ssig, aber auch vorausschauend? Sie arbeiten gerne konzentriert alleine und bringen sich dennoch gerne im Team ein? Dann sollten wir uns kennenlernen, denn f\u00fcr unsere Abteilungen \u201eDisposition\u201c und \u201eTerminplanung\u201c. suchen wir Unterst\u00fctzung. Da diese beiden Abteilungen eng mit den Abteilungen \u201eAuftragssachbearbeitung\u201c, \u201eBrandschutz\u201c und \u201eEmpfang\u201c zusammenarbeiten, wird es nie langweilig\u2026!<\/p>\n\n\n\n<h3 class=\"wp-block-heading has-text-align-center\">Wer wir sind:<\/h3>\n\n\n\n<p class=\"has-text-align-center\">Die Mischke KG bietet ihren Kunden im Rhein-Erft-Kreis und den angrenzenden St\u00e4dten und Kreisen seit \u00fcber 50 Jahren Dienstleistungen im Bereich W\u00e4rmemessdienst, Z\u00e4hlermontage und Brandschutz. Unser Team umfasst rund 30 Mitarbeiter im Innen- und Au\u00dfendienst<\/p>\n\n\n\n<h3 class=\"wp-block-heading has-text-align-center\">Was wir erwarten:<\/h3>\n\n\n\n<ul class=\"wp-block-list\">\n<li>kaufm\u00e4nnische Ausbildung oder gleichwertige einschl\u00e4gige Berufserfahrung<\/li>\n\n\n\n<li>Erfahrungen aus dem Bereich Terminplanung oder Disposition k\u00f6nnen von Vorteil sein<\/li>\n\n\n\n<li>selbst\u00e4ndiges und verantwortungsvolles Arbeiten<\/li>\n\n\n\n<li>technisches Verst\u00e4ndnis und kaufm\u00e4nnisches Denken<\/li>\n\n\n\n<li>fundierte EDV-Kenntnisse von MS-Office-Anwendungen<\/li>\n\n\n\n<li>kundenfreundliche Erscheinung<\/li>\n<\/ul>\n\n\n\n<h3 class=\"wp-block-heading has-text-align-center\">Ihre Aufgaben:<\/h3>\n\n\n\n<ul class=\"wp-block-list\">\n<li>t\u00e4gliche Kontrolle der neu verplanten Termine und der erledigten Arbeiten<\/li>\n\n\n\n<li>regelm\u00e4\u00dfige Kundenanschreiben aus aktuellen Auftr\u00e4gen und T\u00e4tigkeiten<\/li>\n\n\n\n<li>Vorbereitung von Datens\u00e4tzen\/ Unterlagen f\u00fcr die Au\u00dfendienst-Monteure<\/li>\n\n\n\n<li>Rechnungslegung f\u00fcr anstehende und erledigte T\u00e4tigkeiten<\/li>\n\n\n\n<li>Telefonischer Empfang und Absprache von Terminen mit Kunden<\/li>\n<\/ul>\n\n\n\n<h3 class=\"wp-block-heading has-text-align-center\">Wir bieten:<\/h3>\n\n\n\n<ul class=\"wp-block-list\">\n<li>gr\u00fcndliche Einarbeitung im Haus,<\/li>\n\n\n\n<li>offenes und immer hilfsbereites Team<\/li>\n\n\n\n<li>ein anspruchsvolles Aufgabengebiet<\/li>\n\n\n\n<li>Verm\u00f6genswirksame Leistungen<\/li>\n\n\n\n<li>Festanstellung und ein unbefristetes Arbeitsverh\u00e4ltnis mit j\u00e4hrlichem Weihnachts- und Urlaubsgeld<\/li>\n\n\n\n<li>Urlaubsanspruch 27 Tagen\/ Jahr, zus\u00e4tzliche freie Tage an Karneval, Betriebsferien zwischen<br>Weihnachten und dem Jahreswechsel, Sonderurlaub f\u00fcr die besonderen Ereignisse im Leben<\/li>\n\n\n\n<li>Firmenevents<\/li>\n\n\n\n<li>Jobrad<\/li>\n\n\n\n<li>p\u00fcnktlichste Lohnzahlung<\/li>\n<\/ul>\n\n\n\n<p class=\"has-text-align-center\">Wenn wir Ihr Interesse geweckt haben, und Sie Teil des Mischke-Teams werden m\u00f6chten, bitten wir<br>um eine aussagekr\u00e4ftige Bewerbung. Diese richten Sie bitte mit der Referenz OP_7\/25_Dispo<br>ausschlie\u00dflich im PDF-Format an unsere untenstehende Mailadresse.<\/p>\n\n\n\n<p class=\"has-text-align-center\"><a href=\"mailto:Info@mischke-kg.de\">Info@mischke-kg.de<\/a><\/p>\n\n\n\n<p class=\"has-text-align-center\"><a href=\"https:\/\/mischke-kg.de\/wp-content\/uploads\/2025\/07\/STELLE2025_07.pdf\"><span style=\"color: #ff0000;\">&#8222;Stellenausschreibung als PDF&#8220;<\/span><\/a><\/p>\n\n\n\n<p><\/p>\n","protected":false},"excerpt":{"rendered":"<p>Wir suchen Verst\u00e4rkung! Sachbearbeiter f\u00fcr den Innendienst (m\/w\/d) (40 Stunden-Woche) Sie k\u00f6nnen nicht nur mit Zahlen umgehen, sondern auch mit Menschen? Sie planen zuverl\u00e4ssig, aber auch vorausschauend? Sie arbeiten gerne konzentriert alleine und bringen sich dennoch gerne im Team ein? Dann sollten wir uns kennenlernen, denn f\u00fcr unsere Abteilungen \u201eDisposition\u201c und \u201eTerminplanung\u201c. suchen wir Unterst\u00fctzung. [&hellip;]<\/p>\n","protected":false},"author":1,"featured_media":0,"parent":0,"menu_order":0,"comment_status":"closed","ping_status":"closed","template":"","meta":{"ocean_post_layout":"","ocean_both_sidebars_style":"","ocean_both_sidebars_content_width":0,"ocean_both_sidebars_sidebars_width":0,"ocean_sidebar":"","ocean_second_sidebar":"","ocean_disable_margins":"enable","ocean_add_body_class":"","ocean_shortcode_before_top_bar":"","ocean_shortcode_after_top_bar":"","ocean_shortcode_before_header":"","ocean_shortcode_after_header":"","ocean_has_shortcode":"","ocean_shortcode_after_title":"","ocean_shortcode_before_footer_widgets":"","ocean_shortcode_after_footer_widgets":"","ocean_shortcode_before_footer_bottom":"","ocean_shortcode_after_footer_bottom":"","ocean_display_top_bar":"default","ocean_display_header":"default","ocean_header_style":"","ocean_center_header_left_menu":"","ocean_custom_header_template":"","ocean_custom_logo":0,"ocean_custom_retina_logo":0,"ocean_custom_logo_max_width":0,"ocean_custom_logo_tablet_max_width":0,"ocean_custom_logo_mobile_max_width":0,"ocean_custom_logo_max_height":0,"ocean_custom_logo_tablet_max_height":0,"ocean_custom_logo_mobile_max_height":0,"ocean_header_custom_menu":"","ocean_menu_typo_font_family":"","ocean_menu_typo_font_subset":"","ocean_menu_typo_font_size":0,"ocean_menu_typo_font_size_tablet":0,"ocean_menu_typo_font_size_mobile":0,"ocean_menu_typo_font_size_unit":"px","ocean_menu_typo_font_weight":"","ocean_menu_typo_font_weight_tablet":"","ocean_menu_typo_font_weight_mobile":"","ocean_menu_typo_transform":"","ocean_menu_typo_transform_tablet":"","ocean_menu_typo_transform_mobile":"","ocean_menu_typo_line_height":0,"ocean_menu_typo_line_height_tablet":0,"ocean_menu_typo_line_height_mobile":0,"ocean_menu_typo_line_height_unit":"","ocean_menu_typo_spacing":0,"ocean_menu_typo_spacing_tablet":0,"ocean_menu_typo_spacing_mobile":0,"ocean_menu_typo_spacing_unit":"","ocean_menu_link_color":"","ocean_menu_link_color_hover":"","ocean_menu_link_color_active":"","ocean_menu_link_background":"","ocean_menu_link_hover_background":"","ocean_menu_link_active_background":"","ocean_menu_social_links_bg":"","ocean_menu_social_hover_links_bg":"","ocean_menu_social_links_color":"","ocean_menu_social_hover_links_color":"","ocean_disable_title":"default","ocean_disable_heading":"default","ocean_post_title":"","ocean_post_subheading":"","ocean_post_title_style":"","ocean_post_title_background_color":"","ocean_post_title_background":0,"ocean_post_title_bg_image_position":"","ocean_post_title_bg_image_attachment":"","ocean_post_title_bg_image_repeat":"","ocean_post_title_bg_image_size":"","ocean_post_title_height":0,"ocean_post_title_bg_overlay":0.5,"ocean_post_title_bg_overlay_color":"","ocean_disable_breadcrumbs":"default","ocean_breadcrumbs_color":"","ocean_breadcrumbs_separator_color":"","ocean_breadcrumbs_links_color":"","ocean_breadcrumbs_links_hover_color":"","ocean_display_footer_widgets":"default","ocean_display_footer_bottom":"default","ocean_custom_footer_template":"","footnotes":""},"class_list":["post-221","page","type-page","status-publish","hentry","entry"],"_links":{"self":[{"href":"https:\/\/mischke-kg.de\/index.php?rest_route=\/wp\/v2\/pages\/221","targetHints":{"allow":["GET"]}}],"collection":[{"href":"https:\/\/mischke-kg.de\/index.php?rest_route=\/wp\/v2\/pages"}],"about":[{"href":"https:\/\/mischke-kg.de\/index.php?rest_route=\/wp\/v2\/types\/page"}],"author":[{"embeddable":true,"href":"https:\/\/mischke-kg.de\/index.php?rest_route=\/wp\/v2\/users\/1"}],"replies":[{"embeddable":true,"href":"https:\/\/mischke-kg.de\/index.php?rest_route=%2Fwp%2Fv2%2Fcomments&post=221"}],"version-history":[{"count":15,"href":"https:\/\/mischke-kg.de\/index.php?rest_route=\/wp\/v2\/pages\/221\/revisions"}],"predecessor-version":[{"id":672,"href":"https:\/\/mischke-kg.de\/index.php?rest_route=\/wp\/v2\/pages\/221\/revisions\/672"}],"wp:attachment":[{"href":"https:\/\/mischke-kg.de\/index.php?rest_route=%2Fwp%2Fv2%2Fmedia&parent=221"}],"curies":[{"name":"wp","href":"https:\/\/api.w.org\/{rel}","templated":true}]}}